{"id":9031,"date":"2023-12-15T03:44:12","date_gmt":"2023-12-15T03:44:12","guid":{"rendered":"https:\/\/cryptostake.es\/polityka-prywatnosci\/"},"modified":"2024-05-29T10:53:52","modified_gmt":"2024-05-29T10:53:52","slug":"privacy-policy","status":"publish","type":"page","link":"https:\/\/cryptostake.es\/pl\/privacy-policy\/","title":{"rendered":"Polityka prywatno\u015bci"},"content":{"rendered":"<?xml encoding=\"UTF-8\"><p>Ostatnia aktualizacja: 05 grudnia 2023 r.<\/p><p>Niniejsza Polityka prywatno&#347;ci opisuje nasze zasady i procedury dotycz&#261;ce gromadzenia, wykorzystywania i ujawniania informacji u&#380;ytkownika podczas korzystania z Us&#322;ugi oraz informuje u&#380;ytkownika o jego prawach do prywatno&#347;ci i o tym, w jaki spos&oacute;b prawo chroni u&#380;ytkownika.<\/p><p>Wykorzystujemy dane osobowe u&#380;ytkownika w celu &#347;wiadczenia i ulepszania Us&#322;ugi. Korzystaj&#261;c z Us&#322;ugi, u&#380;ytkownik wyra&#380;a zgod&#281; na gromadzenie i wykorzystywanie informacji zgodnie z niniejsz&#261; Polityk&#261; prywatno&#347;ci.<\/p><h2 class=\"wp-block-heading\">Interpretacja i definicje<\/h2><h3 class=\"wp-block-heading\">Interpretacja<\/h3><p>S&#322;owa, kt&oacute;rych pierwsza litera jest wielka, maj&#261; zdefiniowane znaczenie pod nast&#281;puj&#261;cymi warunkami. Poni&#380;sze definicje maj&#261; takie samo znaczenie niezale&#380;nie od tego, czy wyst&#281;puj&#261; w liczbie pojedynczej czy mnogiej.<\/p><h3 class=\"wp-block-heading\">Definicje<\/h3><p>Dla cel&oacute;w niniejszej Polityki prywatno&#347;ci:<\/p><ul class=\"wp-block-list\">\n<li><strong>Konto<\/strong> oznacza pojedyncze konto utworzone dla U&#380;ytkownika w celu uzyskania dost&#281;pu do Us&#322;ugi lub jej cz&#281;&#347;ci.<\/li>\n\n\n\n<li><strong>Podmiot powi&#261;zany<\/strong> oznacza podmiot, kt&oacute;ry kontroluje, jest kontrolowany lub znajduje si&#281; pod wsp&oacute;ln&#261; kontrol&#261; ze stron&#261;, gdzie &bdquo;kontrola&rdquo; oznacza posiadanie 50% lub wi&#281;cej akcji, udzia&#322;&oacute;w lub innych papier&oacute;w warto&#347;ciowych uprawniaj&#261;cych do g&#322;osowania przy wyborze dyrektor&oacute;w lub innych organ&oacute;w zarz&#261;dzaj&#261;cych.<\/li>\n\n\n\n<li><strong>Sp&oacute;&#322;ka<\/strong> (okre&#347;lana w niniejszej Umowie jako &bdquo;Sp&oacute;&#322;ka&rdquo;, &bdquo;My&rdquo;, &bdquo;Nas&rdquo;, &bdquo;My&rdquo; lub &bdquo;Nasz&rdquo;) odnosi si&#281; do CryptoStake.<\/li>\n\n\n\n<li><strong>Pliki cookie<\/strong> to ma&#322;e pliki, kt&oacute;re witryna internetowa umieszcza na komputerze, urz&#261;dzeniu mobilnym lub innym urz&#261;dzeniu, kt&oacute;re zawieraj&#261;, opr&oacute;cz wielu innych zastosowa&#324;, szczeg&oacute;&#322;y historii przegl&#261;dania tej witryny.<\/li>\n\n\n\n<li><strong>Kraj<\/strong> odnosi si&#281; do: Singapur<\/li>\n\n\n\n<li><strong>Urz&#261;dzenie<\/strong>: dowolne urz&#261;dzenie, kt&oacute;re mo&#380;e uzyska&#263; dost&#281;p do Us&#322;ugi, takie jak komputer, telefon kom&oacute;rkowy lub tablet cyfrowy.<\/li>\n\n\n\n<li><strong>Dane osobowe<\/strong> to wszelkie informacje dotycz&#261;ce zidentyfikowanej lub mo&#380;liwej do zidentyfikowania osoby fizycznej.<\/li>\n\n\n\n<li><strong>Us&#322;uga<\/strong> oznacza Stron&#281; internetow&#261;.<\/li>\n\n\n\n<li><strong>Us&#322;ugodawca<\/strong> oznacza ka&#380;d&#261; osob&#281; fizyczn&#261; lub prawn&#261;, kt&oacute;ra przetwarza dane w imieniu Sp&oacute;&#322;ki. Odnosi si&#281; do firm lub os&oacute;b trzecich zaanga&#380;owanych przez Sp&oacute;&#322;k&#281; w celu u&#322;atwienia korzystania z Us&#322;ugi, &#347;wiadczenia Us&#322;ugi w imieniu Sp&oacute;&#322;ki, &#347;wiadczenia us&#322;ug zwi&#261;zanych z Us&#322;ug&#261; lub pomagania Sp&oacute;&#322;ce w analizowaniu sposobu korzystania z Us&#322;ugi.<\/li>\n\n\n\n<li><strong>Dane o u&#380;ytkowaniu<\/strong> oznaczaj&#261; dane gromadzone automatycznie, niezale&#380;nie od tego, czy s&#261; generowane przez korzystanie z Us&#322;ugi, czy z w&#322;asnej infrastruktury Us&#322;ugi (np. czas trwania wizyty na stronie).<\/li>\n\n\n\n<li><strong>Strona internetowa<\/strong> odnosi si&#281; do CryptoStake, dost&#281;pnej pod adresem <a href=\"https:\/\/cryptostake.es\/pl\/\">https:\/\/cryptostake.es<\/a>.<\/li>\n\n\n\n<li><strong>U&#380;ytkownik<\/strong> jest osob&#261; fizyczn&#261; uzyskuj&#261;c&#261; dost&#281;p do Us&#322;ugi lub korzystaj&#261;c&#261; z niej albo sp&oacute;&#322;k&#261; lub innym podmiotem prawnym, w imieniu kt&oacute;rego taka osoba fizyczna uzyskuje dost&#281;p do Us&#322;ugi lub z niej korzysta.<\/li>\n<\/ul><h2 class=\"wp-block-heading\">Gromadzenie i wykorzystywanie danych osobowych<\/h2><h3 class=\"wp-block-heading\">Rodzaje gromadzonych danych<\/h3><h4 class=\"wp-block-heading\">Dane osobowe<\/h4><p>Podczas korzystania z naszej Us&#322;ugi mo&#380;emy poprosi&#263; u&#380;ytkownika o podanie pewnych danych osobowych, kt&oacute;re mog&#261; zosta&#263; wykorzystane do skontaktowania si&#281; z u&#380;ytkownikiem lub jego identyfikacji. Dane osobowe mog&#261; obejmowa&#263; mi&#281;dzy innymi:<\/p><ul class=\"wp-block-list\">\n<li>Adres e-mail<\/li>\n\n\n\n<li>Imi&#281; i nazwisko<\/li>\n\n\n\n<li>Dane u&#380;ytkowania<\/li>\n<\/ul><h4 class=\"wp-block-heading\">Dane u&#380;ytkowania<\/h4><p>Dane dotycz&#261;ce u&#380;ytkowania s&#261; gromadzone automatycznie podczas korzystania z Us&#322;ugi.<\/p><p>Dane dotycz&#261;ce u&#380;ytkowania mog&#261; obejmowa&#263; takie informacje, jak adres protoko&#322;u internetowego (np. adres IP) urz&#261;dzenia u&#380;ytkownika, typ przegl&#261;darki, wersja przegl&#261;darki, odwiedzane strony naszej Us&#322;ugi, godzina i data wizyty, czas sp&#281;dzony na tych stronach, unikalne identyfikatory urz&#261;dze&#324; i inne dane diagnostyczne.<\/p><p>Gdy u&#380;ytkownik uzyskuje dost&#281;p do Us&#322;ugi za po&#347;rednictwem urz&#261;dzenia mobilnego, mo&#380;emy automatycznie gromadzi&#263; pewne informacje, w tym mi&#281;dzy innymi rodzaj u&#380;ywanego urz&#261;dzenia mobilnego, unikalny identyfikator urz&#261;dzenia mobilnego, adres IP urz&#261;dzenia mobilnego, mobilny system operacyjny, rodzaj u&#380;ywanej mobilnej przegl&#261;darki internetowej, unikalne identyfikatory urz&#261;dze&#324; i inne dane diagnostyczne.<\/p><p>Mo&#380;emy r&oacute;wnie&#380; gromadzi&#263; informacje wysy&#322;ane przez przegl&#261;dark&#281; u&#380;ytkownika za ka&#380;dym razem, gdy odwiedza on nasz&#261; Us&#322;ug&#281; lub gdy uzyskuje dost&#281;p do Us&#322;ugi na urz&#261;dzeniu mobilnym lub za jego po&#347;rednictwem.<\/p><h4 class=\"wp-block-heading\">Technologie &#347;ledzenia i pliki cookie<\/h4><p>U&#380;ywamy plik&oacute;w cookie i podobnych technologii &#347;ledzenia do &#347;ledzenia aktywno&#347;ci w naszym Serwisie i przechowywania pewnych informacji. Stosowane technologie &#347;ledzenia to sygna&#322;y nawigacyjne, znaczniki i skrypty s&#322;u&#380;&#261;ce do gromadzenia i &#347;ledzenia informacji oraz do ulepszania i analizowania naszej Us&#322;ugi. Wykorzystywane przez nas technologie mog&#261; obejmowa&#263;:<\/p><ul class=\"wp-block-list\">\n<li><strong>Pliki cookie lub pliki cookie przegl&#261;darki.<\/strong>  Plik cookie to niewielki plik umieszczany na urz&#261;dzeniu u&#380;ytkownika. U&#380;ytkownik mo&#380;e poinstruowa&#263; swoj&#261; przegl&#261;dark&#281;, aby odrzuca&#322;a wszystkie pliki cookie lub wskazywa&#322;a, kiedy plik cookie jest wysy&#322;any. Je&#347;li jednak u&#380;ytkownik nie akceptuje plik&oacute;w cookie, mo&#380;e nie by&#263; w stanie korzysta&#263; z niekt&oacute;rych cz&#281;&#347;ci naszej Us&#322;ugi. O ile u&#380;ytkownik nie dostosowa&#322; ustawie&#324; przegl&#261;darki tak, aby odrzuca&#322;a pliki cookie, nasza us&#322;uga mo&#380;e wykorzystywa&#263; pliki cookie.<\/li>\n\n\n\n<li><strong>Sygna&#322;y nawigacyjne w sieci Web.<\/strong>  Niekt&oacute;re sekcje naszej Us&#322;ugi i nasze wiadomo&#347;ci e-mail mog&#261; zawiera&#263; ma&#322;e pliki elektroniczne znane jako sygna&#322;y nawigacyjne (znane r&oacute;wnie&#380; jako czyste gify, znaczniki pikselowe i gify jednopikselowe), kt&oacute;re umo&#380;liwiaj&#261; Sp&oacute;&#322;ce na przyk&#322;ad zliczanie u&#380;ytkownik&oacute;w, kt&oacute;rzy odwiedzili te strony lub otworzyli wiadomo&#347;&#263; e-mail oraz inne statystyki zwi&#261;zane z witryn&#261; (na przyk&#322;ad w celu rejestrowania popularno&#347;ci okre&#347;lonej sekcji i sprawdzania integralno&#347;ci systemu i serwera).<\/li>\n<\/ul><p>Pliki cookie mog&#261; by&#263; &bdquo;trwa&#322;e&rdquo; lub &bdquo;sesyjne&rdquo;. Trwa&#322;e pliki cookie pozostaj&#261; na komputerze osobistym lub urz&#261;dzeniu mobilnym po wylogowaniu, podczas gdy sesyjne pliki cookie s&#261; usuwane natychmiast po zamkni&#281;ciu przegl&#261;darki internetowej.<\/p><p>U&#380;ywamy zar&oacute;wno sesyjnych, jak i trwa&#322;ych plik&oacute;w cookie do cel&oacute;w okre&#347;lonych poni&#380;ej:<\/p><ul class=\"wp-block-list\">\n<li><strong>Niezb&#281;dne pliki cookieTyp<\/strong>: Pliki cookie sesjiZarz&#261;dzane przez: NasCel: Te pliki cookie s&#261; niezb&#281;dne do &#347;wiadczenia us&#322;ug dost&#281;pnych za po&#347;rednictwem Witryny i umo&#380;liwienia korzystania z niekt&oacute;rych jej funkcji. Pomagaj&#261; one uwierzytelnia&#263; u&#380;ytkownik&oacute;w i zapobiega&#263; nieuczciwemu korzystaniu z kont u&#380;ytkownik&oacute;w. Bez tych plik&oacute;w cookie us&#322;ugi zam&oacute;wione przez u&#380;ytkownika nie mog&#261; by&#263; &#347;wiadczone, a my u&#380;ywamy tych plik&oacute;w cookie wy&#322;&#261;cznie w celu &#347;wiadczenia tych us&#322;ug u&#380;ytkownikowi.<\/li>\n\n\n\n<li><strong>Polityka plik&oacute;w cookie \/ Powiadomienie o akceptacji plik&oacute;w cookieTyp<\/strong>: Trwa&#322;e pliki cookieZarz&#261;dzane przez: NasCel: Te pliki cookie identyfikuj&#261;, czy u&#380;ytkownicy zaakceptowali korzystanie z plik&oacute;w cookie w Witrynie.<\/li>\n\n\n\n<li><strong>Funkcjonalne pliki cookieTyp<\/strong>: Trwa&#322;e pliki cookieZarz&#261;dzane przez: NasCel: Te pliki cookie umo&#380;liwiaj&#261; nam zapami&#281;tywanie wybor&oacute;w dokonywanych podczas korzystania z Witryny, takich jak zapami&#281;tywanie danych logowania lub preferencji j&#281;zykowych. Celem tych plik&oacute;w cookie jest zapewnienie u&#380;ytkownikowi bardziej spersonalizowanego do&#347;wiadczenia i unikni&#281;cie konieczno&#347;ci ponownego wprowadzania preferencji za ka&#380;dym razem, gdy korzysta z Witryny.<\/li>\n<\/ul><p>Aby uzyska&#263; wi&#281;cej informacji na temat u&#380;ywanych przez nas plik&oacute;w cookie i wybor&oacute;w dotycz&#261;cych plik&oacute;w cookie, odwied&#378; nasz&#261; Polityk&#281; plik&oacute;w cookie lub sekcj&#281; Pliki cookie w naszej Polityce prywatno&#347;ci.<\/p><h3 class=\"wp-block-heading\">Wykorzystanie danych osobowych u&#380;ytkownika<\/h3><p>Sp&oacute;&#322;ka mo&#380;e wykorzystywa&#263; Dane Osobowe do nast&#281;puj&#261;cych cel&oacute;w:<\/p><ul class=\"wp-block-list\">\n<li><strong>W celu &#347;wiadczenia i utrzymywania naszej<\/strong> Us&#322;ugi, w tym monitorowania korzystania z naszej Us&#322;ugi.<\/li>\n\n\n\n<li><strong>Zarz&#261;dzanie Kontem U&#380;ytkownika:<\/strong> zarz&#261;dzanie rejestracj&#261; U&#380;ytkownika jako u&#380;ytkownika Us&#322;ugi. Dane osobowe podane przez u&#380;ytkownika mog&#261; zapewni&#263; mu dost&#281;p do r&oacute;&#380;nych funkcji Us&#322;ugi, kt&oacute;re s&#261; dost&#281;pne dla niego jako zarejestrowanego u&#380;ytkownika.<\/li>\n\n\n\n<li><strong>W celu wykonania umowy:<\/strong> wykonanie, realizacja i zako&#324;czenie umowy zakupu produkt&oacute;w, towar&oacute;w lub us&#322;ug zakupionych przez U&#380;ytkownika lub jakiejkolwiek innej umowy zawartej z nami za po&#347;rednictwem Us&#322;ugi.<\/li>\n\n\n\n<li><strong>Aby si&#281; z Tob&#261; skontaktowa&#263;:<\/strong>  Kontaktowanie si&#281; z U&#380;ytkownikiem za po&#347;rednictwem poczty elektronicznej, po&#322;&#261;cze&#324; telefonicznych, wiadomo&#347;ci SMS lub innych r&oacute;wnowa&#380;nych form komunikacji elektronicznej, takich jak powiadomienia push z aplikacji mobilnej dotycz&#261;ce aktualizacji lub komunikat&oacute;w informacyjnych zwi&#261;zanych z zakontraktowanymi funkcjami, produktami lub us&#322;ugami, w tym aktualizacjami zabezpiecze&#324;, w przypadku gdy jest to konieczne lub uzasadnione w celu wdro&#380;enia.<\/li>\n\n\n\n<li><strong>Dostarczanie u&#380;ytkownikowi<\/strong> wiadomo&#347;ci, ofert specjalnych i og&oacute;lnych informacji o innych oferowanych przez nas produktach, us&#322;ugach i wydarzeniach, kt&oacute;re s&#261; podobne do tych, kt&oacute;re u&#380;ytkownik ju&#380; zakupi&#322; lub o kt&oacute;re zapyta&#322;, chyba &#380;e u&#380;ytkownik zrezygnowa&#322; z otrzymywania takich informacji.<\/li>\n\n\n\n<li><strong>Zarz&#261;dzanie &#380;&#261;d<\/strong> aniami u&#380;ytkownika: Obs&#322;uga i zarz&#261;dzanie &#380;&#261;daniami u&#380;ytkownika kierowanymi do nas.<\/li>\n\n\n\n<li><strong>W przypadku relokacji firmy:<\/strong>  Mo&#380;emy wykorzystywa&#263; dane u&#380;ytkownika w celu oceny lub przeprowadzenia fuzji, zbycia, restrukturyzacji, reorganizacji, rozwi&#261;zania lub innej sprzeda&#380;y lub przeniesienia niekt&oacute;rych lub wszystkich naszych aktyw&oacute;w, czy to w ramach kontynuacji dzia&#322;alno&#347;ci, czy w ramach upad&#322;o&#347;ci, likwidacji lub podobnego post&#281;powania, w kt&oacute;rym przechowywane przez nas dane osobowe u&#380;ytkownik&oacute;w naszej Us&#322;ugi znajduj&#261; si&#281; w&#347;r&oacute;d przenoszonych aktyw&oacute;w.<\/li>\n\n\n\n<li><strong>Do innych<\/strong> cel&oacute;w: Mo&#380;emy wykorzystywa&#263; Informacje o u&#380;ytkowniku do innych cel&oacute;w, takich jak analiza danych, identyfikacja trend&oacute;w u&#380;ytkowania, okre&#347;lanie skuteczno&#347;ci naszych kampanii promocyjnych oraz do oceny i ulepszania naszej Us&#322;ugi, produkt&oacute;w, us&#322;ug, marketingu i do&#347;wiadcze&#324; u&#380;ytkownika.<\/li>\n<\/ul><p>Mo&#380;emy udost&#281;pnia&#263; dane osobowe u&#380;ytkownika w nast&#281;puj&#261;cych sytuacjach:<\/p><ul class=\"wp-block-list\">\n<li><strong>Us&#322;ugodawcom<\/strong>: Mo&#380;emy udost&#281;pnia&#263; dane osobowe U&#380;ytkownika Us&#322;ugodawcom w celu monitorowania i analizowania korzystania z naszej Us&#322;ugi oraz kontaktowania si&#281; z U&#380;ytkownikiem.<\/li>\n\n\n\n<li><strong>W przypadku transfer&oacute;w biznesowych:<\/strong> Mo&#380;emy udost&#281;pnia&#263; lub przekazywa&#263; dane osobowe U&#380;ytkownika w zwi&#261;zku z lub podczas negocjacji dotycz&#261;cych fuzji, sprzeda&#380;y aktyw&oacute;w Sp&oacute;&#322;ki, finansowania lub przej&#281;cia ca&#322;o&#347;ci lub cz&#281;&#347;ci naszej dzia&#322;alno&#347;ci przez inn&#261; sp&oacute;&#322;k&#281;.<\/li>\n\n\n\n<li><strong>Podmiotom stowarzyszonym<\/strong>: Mo&#380;emy udost&#281;pnia&#263; dane u&#380;ytkownika naszym podmiotom stowarzyszonym, w kt&oacute;rym to przypadku b&#281;dziemy wymaga&#263; od tych podmiot&oacute;w przestrzegania niniejszej Polityki prywatno&#347;ci. Podmioty zale&#380;ne obejmuj&#261; nasz&#261; sp&oacute;&#322;k&#281; dominuj&#261;c&#261; i inne podmioty zale&#380;ne, sp&oacute;&#322;ki joint venture lub inne sp&oacute;&#322;ki, kt&oacute;re kontrolujemy lub kt&oacute;re znajduj&#261; si&#281; pod wsp&oacute;ln&#261; kontrol&#261; z nami.<\/li>\n\n\n\n<li><strong>Partnerom biznes<\/strong> owym: Mo&#380;emy udost&#281;pnia&#263; dane u&#380;ytkownika naszym partnerom biznesowym w celu oferowania u&#380;ytkownikowi okre&#347;lonych produkt&oacute;w, us&#322;ug lub promocji.<\/li>\n\n\n\n<li><strong>Z innymi u&#380;ytkownikami:<\/strong> gdy u&#380;ytkownik udost&#281;pnia dane osobowe lub w inny spos&oacute;b wchodzi w interakcje w obszarach publicznych z innymi u&#380;ytkownikami, takie informacje mog&#261; by&#263; widoczne dla wszystkich u&#380;ytkownik&oacute;w i mog&#261; by&#263; publicznie rozpowszechniane na zewn&#261;trz.<\/li>\n\n\n\n<li><strong>Za<\/strong> zgod&#261; u&#380;ytkownika: Mo&#380;emy ujawni&#263; dane osobowe u&#380;ytkownika w dowolnym innym celu za jego zgod&#261;.<\/li>\n<\/ul><h3 class=\"wp-block-heading\">Przechowywanie danych osobowych u&#380;ytkownika<\/h3><p>Sp&oacute;&#322;ka b&#281;dzie przechowywa&#263; dane osobowe u&#380;ytkownika wy&#322;&#261;cznie tak d&#322;ugo, jak b&#281;dzie to konieczne do cel&oacute;w okre&#347;lonych w niniejszej Polityce prywatno&#347;ci. B&#281;dziemy przechowywa&#263; i wykorzystywa&#263; dane osobowe u&#380;ytkownika w zakresie niezb&#281;dnym do wype&#322;nienia naszych zobowi&#261;za&#324; prawnych (na przyk&#322;ad, je&#347;li b&#281;dziemy zobowi&#261;zani do przechowywania danych u&#380;ytkownika w celu zachowania zgodno&#347;ci z obowi&#261;zuj&#261;cym prawem), rozstrzygania spor&oacute;w i egzekwowania naszych um&oacute;w prawnych i zasad.<\/p><p>Sp&oacute;&#322;ka zachowa r&oacute;wnie&#380; Dane o u&#380;ytkowaniu do cel&oacute;w analizy wewn&#281;trznej. Dane dotycz&#261;ce u&#380;ytkowania s&#261; zazwyczaj przechowywane przez kr&oacute;tszy okres czasu, z wyj&#261;tkiem sytuacji, gdy dane te s&#261; wykorzystywane w celu zwi&#281;kszenia bezpiecze&#324;stwa lub poprawy funkcjonalno&#347;ci naszej Us&#322;ugi lub gdy jeste&#347;my prawnie zobowi&#261;zani do przechowywania tych danych przez d&#322;u&#380;szy okres czasu.<\/p><h3 class=\"wp-block-heading\">Przekazywanie danych osobowych u&#380;ytkownika<\/h3><p>Informacje o u&#380;ytkowniku, w tym Dane osobowe, s&#261; przetwarzane w biurach operacyjnych Sp&oacute;&#322;ki oraz w ka&#380;dym innym miejscu, w kt&oacute;rym znajduj&#261; si&#281; strony zaanga&#380;owane w przetwarzanie. Oznacza to, &#380;e informacje te mog&#261; by&#263; przekazywane i przechowywane na komputerach znajduj&#261;cych si&#281; poza stanem, prowincj&#261;, krajem lub inn&#261; jurysdykcj&#261; rz&#261;dow&#261;, w kt&oacute;rej przepisy dotycz&#261;ce ochrony danych mog&#261; r&oacute;&#380;ni&#263; si&#281; od przepis&oacute;w obowi&#261;zuj&#261;cych w jurysdykcji u&#380;ytkownika.<\/p><p>Zgoda u&#380;ytkownika na niniejsz&#261; Polityk&#281; prywatno&#347;ci, po kt&oacute;rej nast&#281;puje przekazanie takich informacji, oznacza zgod&#281; u&#380;ytkownika na takie przekazanie.<\/p><p>Firma podejmie wszelkie niezb&#281;dne kroki w celu zapewnienia, &#380;e dane u&#380;ytkownika s&#261; traktowane w spos&oacute;b bezpieczny i zgodny z niniejsz&#261; Polityk&#261; prywatno&#347;ci, a &#380;adne przekazywanie danych osobowych u&#380;ytkownika do jakiejkolwiek organizacji lub kraju nie b&#281;dzie mia&#322;o miejsca, chyba &#380;e istniej&#261; odpowiednie kontrole, kt&oacute;re obejmuj&#261; bezpiecze&#324;stwo danych u&#380;ytkownika i innych danych osobowych.<\/p><h3 class=\"wp-block-heading\">Usuwanie danych osobowych<\/h3><p>U&#380;ytkownik ma prawo do usuni&#281;cia lub za&#380;&#261;dania od nas pomocy w usuni&#281;ciu zgromadzonych przez nas jego danych osobowych.<\/p><p>Nasza Us&#322;uga mo&#380;e oferowa&#263; u&#380;ytkownikowi mo&#380;liwo&#347;&#263; usuni&#281;cia pewnych informacji o sobie w ramach Us&#322;ugi.<\/p><p>U&#380;ytkownik mo&#380;e aktualizowa&#263;, modyfikowa&#263; lub usuwa&#263; swoje dane w dowolnym momencie, loguj&#261;c si&#281; na swoje konto, je&#347;li je posiada, i odwiedzaj&#261;c sekcj&#281; ustawie&#324; konta, kt&oacute;ra umo&#380;liwia zarz&#261;dzanie danymi osobowymi. U&#380;ytkownik mo&#380;e r&oacute;wnie&#380; skontaktowa&#263; si&#281; z nami w celu uzyskania dost&#281;pu, poprawienia lub usuni&#281;cia wszelkich przekazanych nam danych osobowych.<\/p><p>Nale&#380;y jednak pami&#281;ta&#263;, &#380;e mo&#380;emy by&#263; zmuszeni do przechowywania pewnych informacji, je&#347;li mamy do tego obowi&#261;zek prawny lub podstaw&#281; prawn&#261;.<\/p><h3 class=\"wp-block-heading\">Ujawnianie danych osobowych u&#380;ytkownika<\/h3><h4 class=\"wp-block-heading\">Operacje komercyjne<\/h4><p>Je&#347;li Sp&oacute;&#322;ka uczestniczy w fuzji, przej&#281;ciu lub sprzeda&#380;y aktyw&oacute;w, dane osobowe u&#380;ytkownika mog&#261; zosta&#263; przekazane. Powiadomimy u&#380;ytkownika, zanim jego Dane Osobowe zostan&#261; przekazane i zaczn&#261; podlega&#263; innej Polityce Prywatno&#347;ci.<\/p><h4 class=\"wp-block-heading\">Egzekwowanie prawa<\/h4><p>W pewnych okoliczno&#347;ciach Sp&oacute;&#322;ka mo&#380;e by&#263; zobowi&#261;zana do ujawnienia Danych Osobowych u&#380;ytkownika, je&#347;li jest to wymagane przez prawo lub w odpowiedzi na wa&#380;ne &#380;&#261;dania organ&oacute;w publicznych (np. s&#261;du lub agencji rz&#261;dowej).<\/p><h4 class=\"wp-block-heading\">Inne wymogi prawne<\/h4><p>Sp&oacute;&#322;ka mo&#380;e ujawni&#263; Dane Osobowe u&#380;ytkownika w dobrej wierze, &#380;e takie dzia&#322;anie jest konieczne w celu<\/p><ul class=\"wp-block-list\">\n<li>Wype&#322;nienie obowi&#261;zku prawnego<\/li>\n\n\n\n<li>Ochrona i obrona praw lub w&#322;asno&#347;ci sp&oacute;&#322;ki<\/li>\n\n\n\n<li>Zapobieganie lub badanie ewentualnych nieprawid&#322;owo&#347;ci w odniesieniu do Us&#322;ugi<\/li>\n\n\n\n<li>Ochrona bezpiecze&#324;stwa osobistego u&#380;ytkownik&oacute;w Serwisu lub spo&#322;ecze&#324;stwa.<\/li>\n\n\n\n<li>Ochrona przed odpowiedzialno&#347;ci&#261; prawn&#261;<\/li>\n<\/ul><h3 class=\"wp-block-heading\">Bezpiecze&#324;stwo danych osobowych<\/h3><p>Bezpiecze&#324;stwo Twoich danych osobowych jest dla nas wa&#380;ne, ale pami&#281;taj, &#380;e &#380;adna metoda transmisji przez Internet ani metoda elektronicznego przechowywania danych nie jest w 100% bezpieczna. Chocia&#380; staramy si&#281; wykorzystywa&#263; komercyjnie akceptowalne &#347;rodki w celu ochrony danych osobowych u&#380;ytkownik&oacute;w, nie mo&#380;emy zagwarantowa&#263; ich ca&#322;kowitego bezpiecze&#324;stwa.<\/p><h2 class=\"wp-block-heading\">Prywatno&#347;&#263; dzieci<\/h2><p>Nasza us&#322;uga nie jest przeznaczona dla dzieci poni&#380;ej 13 roku &#380;ycia. Nie zbieramy &#347;wiadomie danych osobowych od dzieci poni&#380;ej 13 roku &#380;ycia. Je&#347;li jeste&#347; rodzicem lub opiekunem i wiesz, &#380;e Twoje dziecko przekaza&#322;o nam swoje dane osobowe, skontaktuj si&#281; z nami. Je&#347;li dowiemy si&#281;, &#380;e zebrali&#347;my dane osobowe od os&oacute;b poni&#380;ej 13 roku &#380;ycia bez weryfikacji zgody rodzic&oacute;w, podejmiemy kroki w celu usuni&#281;cia tych informacji z naszych serwer&oacute;w.<\/p><p>Je&#347;li musimy polega&#263; na zgodzie jako podstawie prawnej przetwarzania informacji u&#380;ytkownika, a kraj u&#380;ytkownika wymaga zgody rodzic&oacute;w, mo&#380;emy wymaga&#263; zgody rodzic&oacute;w przed zebraniem i wykorzystaniem tych informacji.<\/p><h2 class=\"wp-block-heading\">Linki do innych stron internetowych<\/h2><p>Nasza us&#322;uga mo&#380;e zawiera&#263; &#322;&#261;cza do innych stron internetowych, kt&oacute;re nie s&#261; przez nas obs&#322;ugiwane. Klikni&#281;cie &#322;&#261;cza strony trzeciej spowoduje przekierowanie na jej stron&#281; internetow&#261;. Zdecydowanie zach&#281;camy do zapoznania si&#281; z Polityk&#261; prywatno&#347;ci ka&#380;dej odwiedzanej witryny.<\/p><p>Nie mamy kontroli i nie ponosimy odpowiedzialno&#347;ci za tre&#347;ci, polityk&#281; prywatno&#347;ci lub praktyki stosowane na stronach lub w us&#322;ugach stron trzecich.<\/p><h2 class=\"wp-block-heading\">Zmiany w niniejszej polityce prywatno&#347;ci<\/h2><p>Od czasu do czasu mo&#380;emy aktualizowa&#263; nasz&#261; Polityk&#281; prywatno&#347;ci. Powiadomimy u&#380;ytkownika o wszelkich zmianach, publikuj&#261;c now&#261; Polityk&#281; prywatno&#347;ci na tej stronie.<\/p><p>Przed wej&#347;ciem zmiany w &#380;ycie powiadomimy u&#380;ytkownika poczt&#261; elektroniczn&#261; i\/lub za pomoc&#261; widocznego powiadomienia w naszym Serwisie, a tak&#380;e zaktualizujemy dat&#281; &bdquo;Ostatniej aktualizacji&rdquo; w g&oacute;rnej cz&#281;&#347;ci niniejszej Polityki prywatno&#347;ci.<\/p><p>Zach&#281;camy do okresowego sprawdzania niniejszej Polityki prywatno&#347;ci pod k&#261;tem zmian. Zmiany w niniejszej Polityce prywatno&#347;ci wchodz&#261; w &#380;ycie z chwil&#261; ich opublikowania na tej stronie.<\/p><h2 class=\"wp-block-heading\">Skontaktuj si&#281; z nami<\/h2><p>W razie jakichkolwiek pyta&#324; dotycz&#261;cych niniejszej Polityki prywatno&#347;ci mo&#380;na si&#281; z nami skontaktowa&#263;:<\/p><ul class=\"wp-block-list\">\n<li>E-mail: <a href=\"mailto:info@cryptostake.es\">info@cryptostake.es<\/a><\/li>\n\n\n\n<li>Odwiedzaj&#261;c t&#281; stron&#281; naszej witryny: <a href=\"https:\/\/cryptostake.es\/pl\/\">https:\/\/cryptostake.es\/<\/a><\/li>\n<\/ul>\n","protected":false},"excerpt":{"rendered":"<p>Ostatnia aktualizacja: 05 grudnia 2023 r. Niniejsza Polityka prywatno&#347;ci opisuje nasze zasady i procedury dotycz&#261;ce gromadzenia, wykorzystywania i ujawniania informacji u&#380;ytkownika podczas korzystania z Us&#322;ugi oraz informuje u&#380;ytkownika o jego prawach do prywatno&#347;ci i o &#8230; <a title=\"Polityka prywatno\u015bci\" class=\"read-more\" href=\"https:\/\/cryptostake.es\/pl\/privacy-policy\/\" aria-label=\"Dowiedz si\u0119 wi\u0119cej o Polityka prywatno\u015bci\">Read more<\/a><\/p>\n","protected":false},"author":1,"featured_media":0,"parent":0,"menu_order":0,"comment_status":"closed","ping_status":"open","template":"","meta":{"footnotes":""},"class_list":["post-9031","page","type-page","status-publish"],"rank_math_title":"","rank_math_description":"","rank_math_focus_keyword":"","_links":{"self":[{"href":"https:\/\/cryptostake.es\/pl\/wp-json\/wp\/v2\/pages\/9031","targetHints":{"allow":["GET"]}}],"collection":[{"href":"https:\/\/cryptostake.es\/pl\/wp-json\/wp\/v2\/pages"}],"about":[{"href":"https:\/\/cryptostake.es\/pl\/wp-json\/wp\/v2\/types\/page"}],"author":[{"embeddable":true,"href":"https:\/\/cryptostake.es\/pl\/wp-json\/wp\/v2\/users\/1"}],"replies":[{"embeddable":true,"href":"https:\/\/cryptostake.es\/pl\/wp-json\/wp\/v2\/comments?post=9031"}],"version-history":[{"count":0,"href":"https:\/\/cryptostake.es\/pl\/wp-json\/wp\/v2\/pages\/9031\/revisions"}],"wp:attachment":[{"href":"https:\/\/cryptostake.es\/pl\/wp-json\/wp\/v2\/media?parent=9031"}],"curies":[{"name":"wp","href":"https:\/\/api.w.org\/{rel}","templated":true}]}}